{"id":8,"date":"2017-09-19T10:34:41","date_gmt":"2017-09-19T08:34:41","guid":{"rendered":"http:\/\/drukarnia.cz\/billboardy\/?page_id=8"},"modified":"2025-03-22T20:44:23","modified_gmt":"2025-03-22T19:44:23","slug":"banery","status":"publish","type":"page","link":"https:\/\/drukarnia.cz\/","title":{"rendered":"Plansze"},"content":{"rendered":"\n<div class=\"wp-block-group\"><div class=\"wp-block-group__inner-container is-layout-flow wp-block-group-is-layout-flow\">\n<p>.<\/p>\n<h2 style=\"text-align: center;\"><strong><span style=\"color: #ff0000;\">BILLBOARDY, PLANSZE REKLAMOWE &#8211; Jelenia G\u00f3ra<\/span><br \/><\/strong><\/h2>\n<h5 style=\"text-align: center;\">Na terenie powiatu Jelenia G\u00f3ra, posiadamy ponad sto w\u0142asnych powierzchni reklamowych od 8 mkw do 160 mkw o wysoko\u015bci nawet do 12 m.<br \/>Zajmujemy si\u0119 r\u00f3wnie\u017c wydrukiem i wyklejaniem billboard\u00f3w. Naszym zadaniem jest regularna zmiana ekspozycji na billboardach na zlecenie sieciowych firm:<\/h5>\n<h5 style=\"text-align: center;\"><img loading=\"lazy\" decoding=\"async\" class=\"alignnone wp-image-482 size-full\" src=\"http:\/\/drukarnia.cz\/wp-content\/uploads\/2017\/09\/MAIN.jpg\" alt=\"\" width=\"949\" height=\"401\" srcset=\"https:\/\/drukarnia.cz\/wp-content\/uploads\/2017\/09\/MAIN.jpg 949w, https:\/\/drukarnia.cz\/wp-content\/uploads\/2017\/09\/MAIN-300x127.jpg 300w, https:\/\/drukarnia.cz\/wp-content\/uploads\/2017\/09\/MAIN-768x325.jpg 768w\" sizes=\"auto, (max-width: 949px) 100vw, 949px\" \/><\/h5>\n<\/div><\/div>\n","protected":false},"excerpt":{"rendered":"<p>. BILLBOARDY, PLANSZE REKLAMOWE &#8211; Jelenia G\u00f3ra Na terenie powiatu Jelenia G\u00f3ra, posiadamy ponad sto w\u0142asnych powierzchni reklamowych od 8 mkw do 160 mkw o wysoko\u015bci nawet do 12 m.Zajmujemy si\u0119 r\u00f3wnie\u017c wydrukiem i wyklejaniem billboard\u00f3w. Naszym zadaniem jest regularna zmiana ekspozycji na billboardach na zlecenie sieciowych firm:<\/p>\n","protected":false},"author":2,"featured_media":0,"parent":0,"menu_order":0,"comment_status":"closed","ping_status":"closed","template":"","meta":{"_acf_changed":false,"footnotes":""},"class_list":["post-8","page","type-page","status-publish","hentry"],"acf":[],"yoast_head":"<!-- This site is optimized with the Yoast SEO plugin v27.4 - https:\/\/yoast.com\/product\/yoast-seo-wordpress\/ -->\n<title>Plansze - Billboardy, plansze reklamowe Jelenia G\u00f3ra<\/title>\n<meta name=\"robots\" content=\"index, follow, max-snippet:-1, max-image-preview:large, max-video-preview:-1\" \/>\n<link rel=\"canonical\" href=\"https:\/\/drukarnia.cz\/\" \/>\n<meta property=\"og:locale\" content=\"pl_PL\" \/>\n<meta property=\"og:type\" content=\"article\" \/>\n<meta property=\"og:title\" content=\"Plansze - Billboardy, plansze reklamowe Jelenia G\u00f3ra\" \/>\n<meta property=\"og:description\" content=\". BILLBOARDY, PLANSZE REKLAMOWE &#8211; Jelenia G\u00f3ra Na terenie powiatu Jelenia G\u00f3ra, posiadamy ponad sto w\u0142asnych powierzchni reklamowych od 8 mkw do 160 mkw o wysoko\u015bci nawet do 12 m.Zajmujemy si\u0119 r\u00f3wnie\u017c wydrukiem i wyklejaniem billboard\u00f3w. Naszym zadaniem jest regularna zmiana ekspozycji na billboardach na zlecenie sieciowych firm:\" \/>\n<meta property=\"og:url\" content=\"https:\/\/drukarnia.cz\/\" \/>\n<meta property=\"og:site_name\" content=\"Billboardy, plansze reklamowe Jelenia G\u00f3ra\" \/>\n<meta property=\"article:modified_time\" content=\"2025-03-22T19:44:23+00:00\" \/>\n<meta property=\"og:image\" content=\"http:\/\/drukarnia.cz\/wp-content\/uploads\/2017\/09\/MAIN.jpg\" \/>\n<meta name=\"twitter:card\" content=\"summary_large_image\" \/>\n<script type=\"application\/ld+json\" class=\"yoast-schema-graph\">{\"@context\":\"https:\\\/\\\/schema.org\",\"@graph\":[{\"@type\":\"WebPage\",\"@id\":\"https:\\\/\\\/drukarnia.cz\\\/\",\"url\":\"https:\\\/\\\/drukarnia.cz\\\/\",\"name\":\"Plansze - Billboardy, plansze reklamowe Jelenia G\u00f3ra\",\"isPartOf\":{\"@id\":\"https:\\\/\\\/drukarnia.cz\\\/#website\"},\"primaryImageOfPage\":{\"@id\":\"https:\\\/\\\/drukarnia.cz\\\/#primaryimage\"},\"image\":{\"@id\":\"https:\\\/\\\/drukarnia.cz\\\/#primaryimage\"},\"thumbnailUrl\":\"http:\\\/\\\/drukarnia.cz\\\/wp-content\\\/uploads\\\/2017\\\/09\\\/MAIN.jpg\",\"datePublished\":\"2017-09-19T08:34:41+00:00\",\"dateModified\":\"2025-03-22T19:44:23+00:00\",\"breadcrumb\":{\"@id\":\"https:\\\/\\\/drukarnia.cz\\\/#breadcrumb\"},\"inLanguage\":\"pl-PL\",\"potentialAction\":[{\"@type\":\"ReadAction\",\"target\":[\"https:\\\/\\\/drukarnia.cz\\\/\"]}]},{\"@type\":\"ImageObject\",\"inLanguage\":\"pl-PL\",\"@id\":\"https:\\\/\\\/drukarnia.cz\\\/#primaryimage\",\"url\":\"https:\\\/\\\/drukarnia.cz\\\/wp-content\\\/uploads\\\/2017\\\/09\\\/MAIN.jpg\",\"contentUrl\":\"https:\\\/\\\/drukarnia.cz\\\/wp-content\\\/uploads\\\/2017\\\/09\\\/MAIN.jpg\",\"width\":949,\"height\":401},{\"@type\":\"BreadcrumbList\",\"@id\":\"https:\\\/\\\/drukarnia.cz\\\/#breadcrumb\",\"itemListElement\":[{\"@type\":\"ListItem\",\"position\":1,\"name\":\"Home\",\"item\":\"https:\\\/\\\/drukarnia.cz\\\/\"},{\"@type\":\"ListItem\",\"position\":2,\"name\":\"Plansze\"}]},{\"@type\":\"WebSite\",\"@id\":\"https:\\\/\\\/drukarnia.cz\\\/#website\",\"url\":\"https:\\\/\\\/drukarnia.cz\\\/\",\"name\":\"Billboardy, plansze reklamowe Jelenia G\u00f3ra\",\"description\":\"Kolejna witryna oparta na WordPressie\",\"potentialAction\":[{\"@type\":\"SearchAction\",\"target\":{\"@type\":\"EntryPoint\",\"urlTemplate\":\"https:\\\/\\\/drukarnia.cz\\\/?s={search_term_string}\"},\"query-input\":{\"@type\":\"PropertyValueSpecification\",\"valueRequired\":true,\"valueName\":\"search_term_string\"}}],\"inLanguage\":\"pl-PL\"}]}<\/script>\n<!-- \/ Yoast SEO plugin. -->","yoast_head_json":{"title":"Plansze - Billboardy, plansze reklamowe Jelenia G\u00f3ra","robots":{"index":"index","follow":"follow","max-snippet":"max-snippet:-1","max-image-preview":"max-image-preview:large","max-video-preview":"max-video-preview:-1"},"canonical":"https:\/\/drukarnia.cz\/","og_locale":"pl_PL","og_type":"article","og_title":"Plansze - Billboardy, plansze reklamowe Jelenia G\u00f3ra","og_description":". BILLBOARDY, PLANSZE REKLAMOWE &#8211; Jelenia G\u00f3ra Na terenie powiatu Jelenia G\u00f3ra, posiadamy ponad sto w\u0142asnych powierzchni reklamowych od 8 mkw do 160 mkw o wysoko\u015bci nawet do 12 m.Zajmujemy si\u0119 r\u00f3wnie\u017c wydrukiem i wyklejaniem billboard\u00f3w. Naszym zadaniem jest regularna zmiana ekspozycji na billboardach na zlecenie sieciowych firm:","og_url":"https:\/\/drukarnia.cz\/","og_site_name":"Billboardy, plansze reklamowe Jelenia G\u00f3ra","article_modified_time":"2025-03-22T19:44:23+00:00","og_image":[{"url":"http:\/\/drukarnia.cz\/wp-content\/uploads\/2017\/09\/MAIN.jpg","type":"","width":"","height":""}],"twitter_card":"summary_large_image","schema":{"@context":"https:\/\/schema.org","@graph":[{"@type":"WebPage","@id":"https:\/\/drukarnia.cz\/","url":"https:\/\/drukarnia.cz\/","name":"Plansze - Billboardy, plansze reklamowe Jelenia G\u00f3ra","isPartOf":{"@id":"https:\/\/drukarnia.cz\/#website"},"primaryImageOfPage":{"@id":"https:\/\/drukarnia.cz\/#primaryimage"},"image":{"@id":"https:\/\/drukarnia.cz\/#primaryimage"},"thumbnailUrl":"http:\/\/drukarnia.cz\/wp-content\/uploads\/2017\/09\/MAIN.jpg","datePublished":"2017-09-19T08:34:41+00:00","dateModified":"2025-03-22T19:44:23+00:00","breadcrumb":{"@id":"https:\/\/drukarnia.cz\/#breadcrumb"},"inLanguage":"pl-PL","potentialAction":[{"@type":"ReadAction","target":["https:\/\/drukarnia.cz\/"]}]},{"@type":"ImageObject","inLanguage":"pl-PL","@id":"https:\/\/drukarnia.cz\/#primaryimage","url":"https:\/\/drukarnia.cz\/wp-content\/uploads\/2017\/09\/MAIN.jpg","contentUrl":"https:\/\/drukarnia.cz\/wp-content\/uploads\/2017\/09\/MAIN.jpg","width":949,"height":401},{"@type":"BreadcrumbList","@id":"https:\/\/drukarnia.cz\/#breadcrumb","itemListElement":[{"@type":"ListItem","position":1,"name":"Home","item":"https:\/\/drukarnia.cz\/"},{"@type":"ListItem","position":2,"name":"Plansze"}]},{"@type":"WebSite","@id":"https:\/\/drukarnia.cz\/#website","url":"https:\/\/drukarnia.cz\/","name":"Billboardy, plansze reklamowe Jelenia G\u00f3ra","description":"Kolejna witryna oparta na WordPressie","potentialAction":[{"@type":"SearchAction","target":{"@type":"EntryPoint","urlTemplate":"https:\/\/drukarnia.cz\/?s={search_term_string}"},"query-input":{"@type":"PropertyValueSpecification","valueRequired":true,"valueName":"search_term_string"}}],"inLanguage":"pl-PL"}]}},"_links":{"self":[{"href":"https:\/\/drukarnia.cz\/wp-json\/wp\/v2\/pages\/8","targetHints":{"allow":["GET"]}}],"collection":[{"href":"https:\/\/drukarnia.cz\/wp-json\/wp\/v2\/pages"}],"about":[{"href":"https:\/\/drukarnia.cz\/wp-json\/wp\/v2\/types\/page"}],"author":[{"embeddable":true,"href":"https:\/\/drukarnia.cz\/wp-json\/wp\/v2\/users\/2"}],"replies":[{"embeddable":true,"href":"https:\/\/drukarnia.cz\/wp-json\/wp\/v2\/comments?post=8"}],"version-history":[{"count":0,"href":"https:\/\/drukarnia.cz\/wp-json\/wp\/v2\/pages\/8\/revisions"}],"wp:attachment":[{"href":"https:\/\/drukarnia.cz\/wp-json\/wp\/v2\/media?parent=8"}],"curies":[{"name":"wp","href":"https:\/\/api.w.org\/{rel}","templated":true}]}}